{"id":36612,"date":"2025-03-13T11:18:39","date_gmt":"2025-03-13T11:18:39","guid":{"rendered":"https:\/\/eu.materiacriativa.pt\/?post_type=product&#038;p=36612"},"modified":"2025-04-14T11:45:23","modified_gmt":"2025-04-14T10:45:23","slug":"united-base-squat-stand","status":"publish","type":"product","link":"https:\/\/eu.materiacriativa.pt\/es\/producto\/united-base-squat-stand\/","title":{"rendered":"United Base Squat Stand"},"content":{"rendered":"<p><strong>SIMPLE<\/strong><\/p>\n<ul>\n<li><b>Components<\/b>:\n<ul>\n<li>2x bases;<\/li>\n<li>4x tri\u00e2ngulos de encaixe;<\/li>\n<li>1x uni\u00e3o de bases;<\/li>\n<li>\u00a02x postes com numera\u00e7\u00e3o nos orif\u00edcios;<\/li>\n<li>\u00a01x par J Cup Hooks<\/li>\n<\/ul>\n<\/li>\n<\/ul>\n<p><strong>PRO<\/strong><\/p>\n<ul>\n<li><b>Components<\/b>:\n<ul>\n<li>6x fitting triangles;<\/li>\n<li>1x union of bases;<\/li>\n<li>2x posts with numbered holes;<\/li>\n<li>2x posts 770 mm;<\/li>\n<li>2x single ring beam 400 mm;<\/li>\n<li>4x stick bumpers for storage bumpers;<\/li>\n<li>1x pair J Cup Hooks<\/li>\n<\/ul>\n<\/li>\n<\/ul>\n<p>Can be coupled with other BOXPT accessories.<\/p>\n<div style=\"text-align: left;\"><strong>You can customise your Squat Stand with other colours.<\/strong><\/div>\n<div style=\"text-align: center;\"><img fetchpriority=\"high\" decoding=\"async\" style=\"float: left;\" src=\"https:\/\/cdn.weasy.io\/users\/boxpt\/gif_370x370_.gif\" alt=\"\" width=\"370\" height=\"370\" \/><\/div>","protected":false},"excerpt":{"rendered":"<p>The <strong>United Base Squat Stand<\/strong> is a bar support station with manual adjustment by J Cup Hooks.<\/p>\n<p>This equipment is focussed on isolated exercises such as squats, overhead bar lifts and bench presses. Widely used in powerlifting, strongman, weightlifting and bodybuilding training.<\/p>","protected":false},"featured_media":38933,"comment_status":"open","ping_status":"closed","template":"","meta":{"_acf_changed":false},"genre":[],"product_cat":[629,610],"product_tag":[],"class_list":{"0":"post-36612","1":"product","2":"type-product","3":"status-publish","4":"has-post-thumbnail","6":"product_cat-racks","7":"product_cat-structures","9":"first","10":"instock","11":"taxable","12":"shipping-taxable","13":"purchasable","14":"product-type-variable"},"acf":{"phc_scync_status":false},"_links":{"self":[{"href":"https:\/\/eu.materiacriativa.pt\/es\/wp-json\/wp\/v2\/product\/36612","targetHints":{"allow":["GET"]}}],"collection":[{"href":"https:\/\/eu.materiacriativa.pt\/es\/wp-json\/wp\/v2\/product"}],"about":[{"href":"https:\/\/eu.materiacriativa.pt\/es\/wp-json\/wp\/v2\/types\/product"}],"replies":[{"embeddable":true,"href":"https:\/\/eu.materiacriativa.pt\/es\/wp-json\/wp\/v2\/comments?post=36612"}],"version-history":[{"count":1,"href":"https:\/\/eu.materiacriativa.pt\/es\/wp-json\/wp\/v2\/product\/36612\/revisions"}],"predecessor-version":[{"id":38934,"href":"https:\/\/eu.materiacriativa.pt\/es\/wp-json\/wp\/v2\/product\/36612\/revisions\/38934"}],"wp:featuredmedia":[{"embeddable":true,"href":"https:\/\/eu.materiacriativa.pt\/es\/wp-json\/wp\/v2\/media\/38933"}],"wp:attachment":[{"href":"https:\/\/eu.materiacriativa.pt\/es\/wp-json\/wp\/v2\/media?parent=36612"}],"wp:term":[{"taxonomy":"product_brand","embeddable":true,"href":"https:\/\/eu.materiacriativa.pt\/es\/wp-json\/wp\/v2\/genre?post=36612"},{"taxonomy":"product_cat","embeddable":true,"href":"https:\/\/eu.materiacriativa.pt\/es\/wp-json\/wp\/v2\/product_cat?post=36612"},{"taxonomy":"product_tag","embeddable":true,"href":"https:\/\/eu.materiacriativa.pt\/es\/wp-json\/wp\/v2\/product_tag?post=36612"}],"curies":[{"name":"wp","href":"https:\/\/api.w.org\/{rel}","templated":true}]}}