{"id":36960,"date":"2025-03-13T11:22:18","date_gmt":"2025-03-13T11:22:18","guid":{"rendered":"https:\/\/eu.materiacriativa.pt\/?post_type=product&#038;p=36960"},"modified":"2025-04-14T11:39:25","modified_gmt":"2025-04-14T10:39:25","slug":"rebound-medicine-balls","status":"publish","type":"product","link":"https:\/\/eu.materiacriativa.pt\/es\/producto\/rebound-medicine-balls\/","title":{"rendered":"Rebound Medicine Balls"},"content":{"rendered":"<p><strong>SPECIFICATIONS:<\/strong><\/p>\n<p><strong>Variable diameter depending on weight:<\/strong><br \/>\n1kg and 2kg &#8211; \u00d8190mm | 3kg to 5kg &#8211; \u00d8230mm | 6kg to 10kg &#8211; \u00d8280mm.<\/p>\n<p><strong>Weight:<\/strong><br \/>\n1kg | 2kg | 3 kg | 4 kg | 6 kg | 8 kg | 9 kg | 10 kg<\/p>\n<ul>\n<li><strong>Composition:<\/strong>\u00a0Rubber.<\/li>\n<li><strong>Colors:<\/strong>\u00a0Black on: green, blue, orange, yellow, violet and red.<\/li>\n<\/ul>","protected":false},"excerpt":{"rendered":"<div>\n<p>The\u00a0<b>BOXPT Rebound Medicine Balls\u00a0<\/b> are an essential addition to your functional training!<\/p>\n<p>Constructed from high quality and durable materials, they are designed to withstand repetitive impact and are perfect for throwing exercises and power training.<\/p>\n<\/div>\n<div>\n<p>With a non-slip surface, they provide a secure and comfortable grip during use, allowing you to perform explosive movements with complete confidence!<\/p>\n<\/div>","protected":false},"featured_media":38181,"comment_status":"open","ping_status":"closed","template":"","meta":{"_acf_changed":false},"genre":[],"product_cat":[668,937,942],"product_tag":[],"class_list":{"0":"post-36960","1":"product","2":"type-product","3":"status-publish","4":"has-post-thumbnail","6":"product_cat-balls-and-sandbags","7":"product_cat-functional-training","8":"product_cat-yoga-and-pilates-functional-training","10":"first","11":"instock","12":"taxable","13":"shipping-taxable","14":"purchasable","15":"product-type-variable"},"acf":{"phc_scync_status":false},"_links":{"self":[{"href":"https:\/\/eu.materiacriativa.pt\/es\/wp-json\/wp\/v2\/product\/36960","targetHints":{"allow":["GET"]}}],"collection":[{"href":"https:\/\/eu.materiacriativa.pt\/es\/wp-json\/wp\/v2\/product"}],"about":[{"href":"https:\/\/eu.materiacriativa.pt\/es\/wp-json\/wp\/v2\/types\/product"}],"replies":[{"embeddable":true,"href":"https:\/\/eu.materiacriativa.pt\/es\/wp-json\/wp\/v2\/comments?post=36960"}],"version-history":[{"count":1,"href":"https:\/\/eu.materiacriativa.pt\/es\/wp-json\/wp\/v2\/product\/36960\/revisions"}],"predecessor-version":[{"id":38182,"href":"https:\/\/eu.materiacriativa.pt\/es\/wp-json\/wp\/v2\/product\/36960\/revisions\/38182"}],"wp:featuredmedia":[{"embeddable":true,"href":"https:\/\/eu.materiacriativa.pt\/es\/wp-json\/wp\/v2\/media\/38181"}],"wp:attachment":[{"href":"https:\/\/eu.materiacriativa.pt\/es\/wp-json\/wp\/v2\/media?parent=36960"}],"wp:term":[{"taxonomy":"product_brand","embeddable":true,"href":"https:\/\/eu.materiacriativa.pt\/es\/wp-json\/wp\/v2\/genre?post=36960"},{"taxonomy":"product_cat","embeddable":true,"href":"https:\/\/eu.materiacriativa.pt\/es\/wp-json\/wp\/v2\/product_cat?post=36960"},{"taxonomy":"product_tag","embeddable":true,"href":"https:\/\/eu.materiacriativa.pt\/es\/wp-json\/wp\/v2\/product_tag?post=36960"}],"curies":[{"name":"wp","href":"https:\/\/api.w.org\/{rel}","templated":true}]}}