{"id":36966,"date":"2025-03-13T11:22:19","date_gmt":"2025-03-13T11:22:19","guid":{"rendered":"https:\/\/eu.materiacriativa.pt\/?post_type=product&#038;p=36966"},"modified":"2025-04-14T11:39:04","modified_gmt":"2025-04-14T10:39:04","slug":"power-bags","status":"publish","type":"product","link":"https:\/\/eu.materiacriativa.pt\/es\/producto\/power-bags\/","title":{"rendered":"Power Bags"},"content":{"rendered":"<h2>POWER BAG<\/h2>\n<p>&nbsp;<\/p>\n<p>.fil0 {fill:#000002}<\/p>\n<p>&nbsp;<\/p>\n<h3>MEDIDAS<\/h3>\n<p>60cm x 22.5cm<\/p>\n<h3>CAP. M\u00c1XIMA<\/h3>\n<p>5kg a 30kg<\/p>\n<h3>COMPOSI\u00c7\u00c3O<\/h3>\n<p>Areia de ferro, espuma EPE, e<br \/>\nmalha de couro sint\u00e9tica<\/p>\n<p><a>5kg<\/a><\/p>\n<p><strong>Dimens\u00f5es:<\/strong> 60cm de Comprimento e 22.5cm de Di\u00e2metro<br \/>\n<strong>Peso:<\/strong> 5kg<br \/>\n<strong>Toler\u00e2ncia:<\/strong> 5kg a 10kg: +3% a -3%<br \/>\n<strong>Composi\u00e7\u00e3o:<\/strong> Saco Selado com Areia de Ferro, Preenchido com Espuma EPE. Cobertura em Malha de Couro Sint\u00e9tica com Al\u00e7as de PCV<br \/>\n<strong>Cor:<\/strong> Preto<br \/>\n<strong>Cores nas Laterais:<\/strong>\u00a0Cinzento<br \/>\nPossui quatro al\u00e7as para diversificar os exerc\u00edcios poss\u00edveis.<br \/>\nRevestimento sint\u00e9tico com melhor ader\u00eancia.<\/p>\n<p><a>7.5kg<\/a><\/p>\n<p><strong>Dimens\u00f5es:<\/strong> 60cm de Comprimento e 22.5cm de Di\u00e2metro<br \/>\n<strong>Peso:<\/strong> 7.5kg<br \/>\n<strong>Toler\u00e2ncia:<\/strong> 5kg a 10kg: +3% a -3%<br \/>\n<strong>Composi\u00e7\u00e3o:<\/strong> Saco Selado com Areia de Ferro, Preenchido com Espuma EPE. Cobertura em Malha de Couro Sint\u00e9tica com Al\u00e7as de PCV<br \/>\n<strong>Cor:<\/strong> Preto<br \/>\n<strong>Cores nas Laterais:<\/strong> Cor de Laranja<br \/>\nPossui quatro al\u00e7as para diversificar os exerc\u00edcios poss\u00edveis.<br \/>\nRevestimento sint\u00e9tico com melhor ader\u00eancia.<\/p>\n<p><a>10kg<\/a><\/p>\n<p><strong>Dimens\u00f5es:<\/strong> 60cm de Comprimento e 22.5cm de Di\u00e2metro<br \/>\n<strong>Peso:<\/strong> 10kg<br \/>\n<strong>Toler\u00e2ncia:<\/strong> 5kg a 10kg: +3% a -3%<br \/>\n<strong>Composi\u00e7\u00e3o:<\/strong> Saco Selado com Areia de Ferro, Preenchido com Espuma EPE. Cobertura em Malha de Couro Sint\u00e9tica com Al\u00e7as de PCV<br \/>\n<strong>Cor:<\/strong> Preto<br \/>\n<strong>Cores nas Laterais:<\/strong> Verde<br \/>\nPossui quatro al\u00e7as para diversificar os exerc\u00edcios poss\u00edveis.<br \/>\nRevestimento sint\u00e9tico com melhor ader\u00eancia.<\/p>\n<p><a>12.5kg<\/a><\/p>\n<p><strong>Dimens\u00f5es:<\/strong> 60cm de Comprimento e 22.5cm de Di\u00e2metro<br \/>\n<strong>Peso:<\/strong> 12.5kg<br \/>\n<strong>Toler\u00e2ncia:<\/strong> 12,5 kg a 30 kg: + 2% a \u2013 2%<br \/>\n<strong>Composi\u00e7\u00e3o:<\/strong> Saco Selado com Areia de Ferro, Preenchido com Espuma EPE. Cobertura em Malha de Couro Sint\u00e9tica com Al\u00e7as de PCV<br \/>\n<strong>Cor:<\/strong> Preto<br \/>\n<strong>Cores nas Laterais:<\/strong> Roxo<br \/>\nPossui quatro al\u00e7as para diversificar os exerc\u00edcios poss\u00edveis.<br \/>\nRevestimento sint\u00e9tico com melhor ader\u00eancia.<\/p>\n<p><a>15kg<\/a><\/p>\n<p><strong>Dimens\u00f5es:<\/strong> 60cm de Comprimento e 22.5cm de Di\u00e2metro<br \/>\n<strong>Peso:<\/strong> 15kg<br \/>\n<strong>Toler\u00e2ncia:<\/strong> 12,5 kg a 30 kg: + 2% a \u2013 2%<br \/>\n<strong>Composi\u00e7\u00e3o:<\/strong> Saco Selado com Areia de Ferro, Preenchido com Espuma EPE. Cobertura em Malha de Couro Sint\u00e9tica com Al\u00e7as de PCV<br \/>\n<strong>Cor:<\/strong> Preto<br \/>\n<strong>Cores nas Laterais:<\/strong> Amarelo<br \/>\nPossui quatro al\u00e7as para diversificar os exerc\u00edcios poss\u00edveis.<br \/>\nRevestimento sint\u00e9tico com melhor ader\u00eancia.<\/p>\n<p><a>20kg<\/a><\/p>\n<p><strong>Dimens\u00f5es:<\/strong> 60cm de Comprimento e 22.5cm de Di\u00e2metro<br \/>\n<strong>Peso:<\/strong> 20kg<br \/>\n<strong>Toler\u00e2ncia:<\/strong> 12,5 kg a 30 kg: + 2% a \u2013 2%<br \/>\n<strong>Composi\u00e7\u00e3o:<\/strong> Saco Selado com Areia de Ferro, Preenchido com Espuma EPE. Cobertura em Malha de Couro Sint\u00e9tica com Al\u00e7as de PCV<br \/>\n<strong>Cor:<\/strong> Preto<br \/>\n<strong>Cores nas Laterais:<\/strong> Azul<br \/>\nPossui quatro al\u00e7as para diversificar os exerc\u00edcios poss\u00edveis.<br \/>\nRevestimento sint\u00e9tico com melhor ader\u00eancia.<\/p>\n<p><a>25kg<\/a><\/p>\n<p><strong>Dimens\u00f5es:<\/strong> 60cm de Comprimento e 22.5cm de Di\u00e2metro<br \/>\n<strong>Peso:<\/strong> 25kg<br \/>\n<strong>Toler\u00e2ncia:<\/strong> 12,5 kg a 30 kg: + 2% a \u2013 2%<br \/>\n<strong>Composi\u00e7\u00e3o:<\/strong> Saco Selado com Areia de Ferro, Preenchido com Espuma EPE. Cobertura em Malha de Couro Sint\u00e9tica com Al\u00e7as de PCV<br \/>\n<strong>Cor:<\/strong> Preto<br \/>\n<strong>Cores nas Laterais:<\/strong> Vermelho<br \/>\nPossui quatro al\u00e7as para diversificar os exerc\u00edcios poss\u00edveis.<br \/>\nRevestimento sint\u00e9tico com melhor ader\u00eancia.<\/p>\n<p><a>30kg<\/a><\/p>\n<p><strong>Dimens\u00f5es:<\/strong> 60cm de Comprimento e 22.5cm de Di\u00e2metro<br \/>\n<strong>Peso:<\/strong> 30kg<br \/>\n<strong>Toler\u00e2ncia:<\/strong> 12,5 kg a 30 kg: + 2% a \u2013 2%<br \/>\n<strong>Composi\u00e7\u00e3o:<\/strong> Saco Selado com Areia de Ferro, Preenchido com Espuma EPE. Cobertura em Malha de Couro Sint\u00e9tica com Al\u00e7as de PCV<br \/>\n<strong>Cor:<\/strong> Preto<br \/>\n<strong>Cores nas Laterais:<\/strong> Roxo<br \/>\nPossui quatro al\u00e7as para diversificar os exerc\u00edcios poss\u00edveis.<br \/>\nRevestimento sint\u00e9tico com melhor ader\u00eancia.<\/p>\n<figure><img decoding=\"async\" src=\"https:\/\/eu.boxpt.com\/wp-content\/uploads\/sites\/10\/2024\/02\/IMG_5858-600x420.jpg\" alt=\"IMG_5858\" \/><\/figure>\n<figure><img decoding=\"async\" src=\"https:\/\/eu.boxpt.com\/wp-content\/uploads\/sites\/10\/2024\/02\/IMG_5851-600x420.jpg\" alt=\"IMG_5851\" \/><\/figure>\n<figure><img decoding=\"async\" src=\"https:\/\/eu.boxpt.com\/wp-content\/uploads\/sites\/10\/2024\/02\/IMG_5853-600x420.jpg\" alt=\"IMG_5853\" \/><\/figure>\n<p>&nbsp;<\/p>\n<h3>Manuten\u00e7\u00e3o<\/h3>\n<p>Limpeza: A limpeza do magn\u00e9sio e da sujidade deve ser realizada de acordo com a sua utiliza\u00e7\u00e3o, incidindo especialmente na aplica\u00e7\u00e3o de um l\u00edquido lubrificante e de antiferrugem.<br \/>\nRolamentos: A lubrifica\u00e7\u00e3o dos rolamentos deve ser realizada a cada 3 meses. Outros tipos de \u00f3leos n\u00e3o devem ser utilizados, pois podem entupir os cilindros (needles) e causar mau funcionamento.<\/p>","protected":false},"excerpt":{"rendered":"<p>Challenge your limits and take your workout to the next level with the BOXPT Power Bag.<\/p>\n<p>Designed to provide a functional and challenging workout, the Power Bag is a versatile and effective tool for improving your strength and endurance and hypertrophy.<\/p>\n<p>Made from durable, high-quality materials, the Power Bag features a robust construction that can withstand the most rigorous workouts. The design of the Power Bag allows for a comfortable and secure grip.<\/p>","protected":false},"featured_media":37470,"comment_status":"open","ping_status":"closed","template":"","meta":{"_acf_changed":false},"genre":[],"product_cat":[668,937],"product_tag":[],"class_list":{"0":"post-36966","1":"product","2":"type-product","3":"status-publish","4":"has-post-thumbnail","6":"product_cat-balls-and-sandbags","7":"product_cat-functional-training","9":"first","10":"instock","11":"taxable","12":"shipping-taxable","13":"purchasable","14":"product-type-variable"},"acf":{"phc_scync_status":false},"_links":{"self":[{"href":"https:\/\/eu.materiacriativa.pt\/es\/wp-json\/wp\/v2\/product\/36966","targetHints":{"allow":["GET"]}}],"collection":[{"href":"https:\/\/eu.materiacriativa.pt\/es\/wp-json\/wp\/v2\/product"}],"about":[{"href":"https:\/\/eu.materiacriativa.pt\/es\/wp-json\/wp\/v2\/types\/product"}],"replies":[{"embeddable":true,"href":"https:\/\/eu.materiacriativa.pt\/es\/wp-json\/wp\/v2\/comments?post=36966"}],"version-history":[{"count":1,"href":"https:\/\/eu.materiacriativa.pt\/es\/wp-json\/wp\/v2\/product\/36966\/revisions"}],"predecessor-version":[{"id":38206,"href":"https:\/\/eu.materiacriativa.pt\/es\/wp-json\/wp\/v2\/product\/36966\/revisions\/38206"}],"wp:featuredmedia":[{"embeddable":true,"href":"https:\/\/eu.materiacriativa.pt\/es\/wp-json\/wp\/v2\/media\/37470"}],"wp:attachment":[{"href":"https:\/\/eu.materiacriativa.pt\/es\/wp-json\/wp\/v2\/media?parent=36966"}],"wp:term":[{"taxonomy":"product_brand","embeddable":true,"href":"https:\/\/eu.materiacriativa.pt\/es\/wp-json\/wp\/v2\/genre?post=36966"},{"taxonomy":"product_cat","embeddable":true,"href":"https:\/\/eu.materiacriativa.pt\/es\/wp-json\/wp\/v2\/product_cat?post=36966"},{"taxonomy":"product_tag","embeddable":true,"href":"https:\/\/eu.materiacriativa.pt\/es\/wp-json\/wp\/v2\/product_tag?post=36966"}],"curies":[{"name":"wp","href":"https:\/\/api.w.org\/{rel}","templated":true}]}}