{"id":37619,"date":"2025-03-13T12:04:35","date_gmt":"2025-03-13T12:04:35","guid":{"rendered":"https:\/\/eu.materiacriativa.pt\/?post_type=product&#038;p=37619"},"modified":"2025-03-25T11:14:06","modified_gmt":"2025-03-25T11:14:06","slug":"acceleration-squat-basic","status":"publish","type":"product","link":"https:\/\/eu.materiacriativa.pt\/fr\/produit\/acceleration-squat-basic\/","title":{"rendered":"Acceleration Squat Basic"},"content":{"rendered":"<p><strong>Product Details:<\/strong><\/p>\n<p>The software is not included in the price. However, upon request, the <strong>Nexso Rotary Encoder Pack<\/strong> can be added. With this sensor package, the software will provide real-time feedback on power, acceleration, and linear velocity. This feedback allows you to track performance by phase (concentric\/eccentric) and by repetition within a historical and group context.<\/p>\n<p><strong>This product includes:<\/strong><\/p>\n<ul>\n<li>High-resolution encoder (optional)<\/li>\n<li>Nexso &#8211; Excellence Software (optional)<\/li>\n<li>2 inertial discs: size L (0.1 kg\u00b7m\u00b2) and size M (0.05 kg\u00b7m\u00b2)<\/li>\n<li>1 harness<\/li>\n<li>1 hand grip<\/li>\n<li>1 inclined ramp<\/li>\n<li>1 stabilization plate<\/li>\n<\/ul>\n<p>You can see how to use this equipment by visiting this <a href=\"https:\/\/www.youtube.com\/@neuroexcellence1298\">link<\/a>.<\/p>","protected":false},"excerpt":{"rendered":"<p>O\u00a0<b><i>Acceleration Squat Basic<\/i><\/b>\u00a0\u00e9 um dispositivo para treino de desempenho neuromuscular baseado no sistema Flywheel, ideal para treino de sobrecarga exc\u00eantrico.<\/p>\n<p>\u00c9 otimizado para o treino de movimentos como agachamentos, lunges frontais e laterais, lunges B\u00falgaros e agachamentos com uma perna.<\/p>\n<p>Permite o treino com forte aplica\u00e7\u00e3o de for\u00e7a horizontal e tamb\u00e9m com mudan\u00e7a para movimentos funcionais, como partidas r\u00e1pidas, paradas r\u00e1pidas e mudan\u00e7as de dire\u00e7\u00e3o. Tem uma excelente aplica\u00e7\u00e3o no treino de for\u00e7a na parte superior do corpo e transfer\u00eancias de energia.<\/p>","protected":false},"featured_media":37658,"comment_status":"open","ping_status":"closed","template":"","meta":{"_acf_changed":false},"genre":[],"product_cat":[1542],"product_tag":[1526],"class_list":{"0":"post-37619","1":"product","2":"type-product","3":"status-publish","4":"has-post-thumbnail","6":"product_cat-neuroexcellence","7":"product_tag-price-on-request","9":"first","10":"outofstock","11":"taxable","12":"shipping-taxable","13":"purchasable","14":"product-type-simple"},"acf":{"phc_scync_status":false},"_links":{"self":[{"href":"https:\/\/eu.materiacriativa.pt\/fr\/wp-json\/wp\/v2\/product\/37619","targetHints":{"allow":["GET"]}}],"collection":[{"href":"https:\/\/eu.materiacriativa.pt\/fr\/wp-json\/wp\/v2\/product"}],"about":[{"href":"https:\/\/eu.materiacriativa.pt\/fr\/wp-json\/wp\/v2\/types\/product"}],"replies":[{"embeddable":true,"href":"https:\/\/eu.materiacriativa.pt\/fr\/wp-json\/wp\/v2\/comments?post=37619"}],"version-history":[{"count":1,"href":"https:\/\/eu.materiacriativa.pt\/fr\/wp-json\/wp\/v2\/product\/37619\/revisions"}],"predecessor-version":[{"id":37659,"href":"https:\/\/eu.materiacriativa.pt\/fr\/wp-json\/wp\/v2\/product\/37619\/revisions\/37659"}],"wp:featuredmedia":[{"embeddable":true,"href":"https:\/\/eu.materiacriativa.pt\/fr\/wp-json\/wp\/v2\/media\/37658"}],"wp:attachment":[{"href":"https:\/\/eu.materiacriativa.pt\/fr\/wp-json\/wp\/v2\/media?parent=37619"}],"wp:term":[{"taxonomy":"product_brand","embeddable":true,"href":"https:\/\/eu.materiacriativa.pt\/fr\/wp-json\/wp\/v2\/genre?post=37619"},{"taxonomy":"product_cat","embeddable":true,"href":"https:\/\/eu.materiacriativa.pt\/fr\/wp-json\/wp\/v2\/product_cat?post=37619"},{"taxonomy":"product_tag","embeddable":true,"href":"https:\/\/eu.materiacriativa.pt\/fr\/wp-json\/wp\/v2\/product_tag?post=37619"}],"curies":[{"name":"wp","href":"https:\/\/api.w.org\/{rel}","templated":true}]}}