{"id":37737,"date":"2025-03-13T12:07:31","date_gmt":"2025-03-13T12:07:31","guid":{"rendered":"https:\/\/eu.materiacriativa.pt\/?post_type=product&#038;p=37737"},"modified":"2025-03-19T15:15:38","modified_gmt":"2025-03-19T15:15:38","slug":"smart-dynamometer","status":"publish","type":"product","link":"https:\/\/eu.materiacriativa.pt\/fr\/produit\/smart-dynamometer\/","title":{"rendered":"Smart Dynamometer"},"content":{"rendered":"<p><strong>Product Details<\/strong><\/p>\n<p>This software provides real-time feedback on the force being applied. This information helps coaches monitor training and ensures that athletes achieve peak performance, as well as determining the ideal profile for each athlete in their training.<\/p>\n<p>It allows for the creation of athlete\/patient profiles to track their training history and assessments. This type of technology offers a much deeper insight into the quality of exercises.<\/p>\n<p><strong>This product includes:<\/strong><\/p>\n<ul>\n<li>Carrying case<\/li>\n<li>Nexso &#8211; Excellence Software<\/li>\n<\/ul>","protected":false},"excerpt":{"rendered":"<p>Este produto quantifica de forma objetiva a for\u00e7a a fim de identificar \u00e1reas de fraqueza muscular ajudando na previs\u00e3o de riscos de les\u00e3o e controlando a progress\u00e3o de reabilita\u00e7\u00f5es.<\/p>\n<p>Regista tamb\u00e9m o pico de for\u00e7a e par\u00e2metros relacionados com a pot\u00eancia, adicionando uma dimens\u00e3o avan\u00e7ada para testes musculares.<br \/>\nCombina precis\u00e3o com um design ergon\u00f4mico para fornecer resultados objetivos e precisos.<\/p>","protected":false},"featured_media":37805,"comment_status":"open","ping_status":"closed","template":"","meta":{"_acf_changed":false},"genre":[],"product_cat":[1542],"product_tag":[1526],"class_list":{"0":"post-37737","1":"product","2":"type-product","3":"status-publish","4":"has-post-thumbnail","6":"product_cat-neuroexcellence","7":"product_tag-price-on-request","9":"first","10":"instock","11":"taxable","12":"shipping-taxable","13":"purchasable","14":"product-type-simple"},"acf":{"phc_scync_status":false},"_links":{"self":[{"href":"https:\/\/eu.materiacriativa.pt\/fr\/wp-json\/wp\/v2\/product\/37737","targetHints":{"allow":["GET"]}}],"collection":[{"href":"https:\/\/eu.materiacriativa.pt\/fr\/wp-json\/wp\/v2\/product"}],"about":[{"href":"https:\/\/eu.materiacriativa.pt\/fr\/wp-json\/wp\/v2\/types\/product"}],"replies":[{"embeddable":true,"href":"https:\/\/eu.materiacriativa.pt\/fr\/wp-json\/wp\/v2\/comments?post=37737"}],"version-history":[{"count":1,"href":"https:\/\/eu.materiacriativa.pt\/fr\/wp-json\/wp\/v2\/product\/37737\/revisions"}],"predecessor-version":[{"id":37806,"href":"https:\/\/eu.materiacriativa.pt\/fr\/wp-json\/wp\/v2\/product\/37737\/revisions\/37806"}],"wp:featuredmedia":[{"embeddable":true,"href":"https:\/\/eu.materiacriativa.pt\/fr\/wp-json\/wp\/v2\/media\/37805"}],"wp:attachment":[{"href":"https:\/\/eu.materiacriativa.pt\/fr\/wp-json\/wp\/v2\/media?parent=37737"}],"wp:term":[{"taxonomy":"product_brand","embeddable":true,"href":"https:\/\/eu.materiacriativa.pt\/fr\/wp-json\/wp\/v2\/genre?post=37737"},{"taxonomy":"product_cat","embeddable":true,"href":"https:\/\/eu.materiacriativa.pt\/fr\/wp-json\/wp\/v2\/product_cat?post=37737"},{"taxonomy":"product_tag","embeddable":true,"href":"https:\/\/eu.materiacriativa.pt\/fr\/wp-json\/wp\/v2\/product_tag?post=37737"}],"curies":[{"name":"wp","href":"https:\/\/api.w.org\/{rel}","templated":true}]}}