{"id":38640,"date":"2025-03-13T12:34:40","date_gmt":"2025-03-13T12:34:40","guid":{"rendered":"https:\/\/eu.materiacriativa.pt\/?post_type=product&#038;p=38640"},"modified":"2025-03-25T11:52:03","modified_gmt":"2025-03-25T11:52:03","slug":"extension-block-for-jerk-blocks","status":"publish","type":"product","link":"https:\/\/eu.materiacriativa.pt\/fr\/produit\/extension-block-for-jerk-blocks\/","title":{"rendered":"Extension Block for Jerk Blocks"},"content":{"rendered":"<ul>\n<li>Dimensions: 900 x 500 x 150 mm (length x width x height)<\/li>\n<li>Total Weight: 33.6kg<\/li>\n<li>Composition: Laser -cut birch pillet plates<\/li>\n<li>Color: Natural birch.<\/li>\n<li>Top of the boxes with record bearing.<\/li>\n<li>With caught on the sides for easy transport.<\/li>\n<li>All the edges of the blocks are rounded for maximum safety.<\/li>\n<li>Sold to the pair.<\/li>\n<\/ul>","protected":false},"excerpt":{"rendered":"<p>O Bloco de Extens\u00e3o para Jerk Block BOXPT \u00e9 ideal para ajustar a altura de apoio em treinos de halterofilismo e powerlifting. Fabricado em contraplacado de b\u00e9tula cortado a laser, oferece resist\u00eancia e estabilidade. Com pegas laterais para transporte f\u00e1cil e arestas arredondadas para maior seguran\u00e7a, \u00e9 uma solu\u00e7\u00e3o pr\u00e1tica e dur\u00e1vel para qualquer espa\u00e7o de treino.<\/p>","protected":false},"featured_media":38778,"comment_status":"open","ping_status":"closed","template":"","meta":{"_acf_changed":false},"genre":[],"product_cat":[967,707],"product_tag":[],"class_list":{"0":"post-38640","1":"product","2":"type-product","3":"status-publish","4":"has-post-thumbnail","6":"product_cat-bumpers-barbells-accessories","7":"product_cat-free-weight","9":"first","10":"instock","11":"taxable","12":"shipping-taxable","13":"purchasable","14":"product-type-simple"},"acf":{"phc_scync_status":false},"_links":{"self":[{"href":"https:\/\/eu.materiacriativa.pt\/fr\/wp-json\/wp\/v2\/product\/38640","targetHints":{"allow":["GET"]}}],"collection":[{"href":"https:\/\/eu.materiacriativa.pt\/fr\/wp-json\/wp\/v2\/product"}],"about":[{"href":"https:\/\/eu.materiacriativa.pt\/fr\/wp-json\/wp\/v2\/types\/product"}],"replies":[{"embeddable":true,"href":"https:\/\/eu.materiacriativa.pt\/fr\/wp-json\/wp\/v2\/comments?post=38640"}],"version-history":[{"count":1,"href":"https:\/\/eu.materiacriativa.pt\/fr\/wp-json\/wp\/v2\/product\/38640\/revisions"}],"predecessor-version":[{"id":38779,"href":"https:\/\/eu.materiacriativa.pt\/fr\/wp-json\/wp\/v2\/product\/38640\/revisions\/38779"}],"wp:featuredmedia":[{"embeddable":true,"href":"https:\/\/eu.materiacriativa.pt\/fr\/wp-json\/wp\/v2\/media\/38778"}],"wp:attachment":[{"href":"https:\/\/eu.materiacriativa.pt\/fr\/wp-json\/wp\/v2\/media?parent=38640"}],"wp:term":[{"taxonomy":"product_brand","embeddable":true,"href":"https:\/\/eu.materiacriativa.pt\/fr\/wp-json\/wp\/v2\/genre?post=38640"},{"taxonomy":"product_cat","embeddable":true,"href":"https:\/\/eu.materiacriativa.pt\/fr\/wp-json\/wp\/v2\/product_cat?post=38640"},{"taxonomy":"product_tag","embeddable":true,"href":"https:\/\/eu.materiacriativa.pt\/fr\/wp-json\/wp\/v2\/product_tag?post=38640"}],"curies":[{"name":"wp","href":"https:\/\/api.w.org\/{rel}","templated":true}]}}